{"id":632,"date":"2024-05-11T22:18:42","date_gmt":"2024-05-12T02:18:42","guid":{"rendered":"https:\/\/www.portojofre.com.br\/site\/?page_id=632"},"modified":"2024-07-09T11:24:31","modified_gmt":"2024-07-09T15:24:31","slug":"calendario-lunar","status":"publish","type":"page","link":"https:\/\/www.portojofre.com.br\/site\/calendario-lunar\/","title":{"rendered":"Calend\u00e1rio Lunar"},"content":{"rendered":"\t\t<div data-elementor-type=\"wp-page\" data-elementor-id=\"632\" class=\"elementor elementor-632\" data-elementor-post-type=\"page\">\n\t\t\t\t<div class=\"elementor-element elementor-element-26cbb3c e-flex e-con-boxed e-con e-parent\" data-id=\"26cbb3c\" data-element_type=\"container\" data-e-type=\"container\" data-settings=\"{&quot;background_background&quot;:&quot;classic&quot;}\">\n\t\t\t\t\t<div class=\"e-con-inner\">\n\t\t\t\t\t<\/div>\n\t\t\t\t<\/div>\n\t\t\t\t<section class=\"elementor-section elementor-top-section elementor-element elementor-element-c2f0158 elementor-reverse-tablet elementor-reverse-mobile elementor-section-boxed elementor-section-height-default elementor-section-height-default\" data-id=\"c2f0158\" data-element_type=\"section\" data-e-type=\"section\">\n\t\t\t\t\t\t<div class=\"elementor-container elementor-column-gap-no\">\n\t\t\t\t\t<div class=\"elementor-column elementor-col-100 elementor-top-column elementor-element elementor-element-6b16800\" data-id=\"6b16800\" data-element_type=\"column\" data-e-type=\"column\">\n\t\t\t<div class=\"elementor-widget-wrap elementor-element-populated\">\n\t\t\t\t\t\t<div class=\"elementor-element elementor-element-c343bad elementor-widget-divider--view-line_icon elementor-view-default elementor-widget-divider--element-align-center elementor-widget elementor-widget-divider\" data-id=\"c343bad\" data-element_type=\"widget\" data-e-type=\"widget\" data-widget_type=\"divider.default\">\n\t\t\t\t<div class=\"elementor-widget-container\">\n\t\t\t\t\t\t\t<div class=\"elementor-divider\">\n\t\t\t<span class=\"elementor-divider-separator\">\n\t\t\t\t\t\t\t<div class=\"elementor-icon elementor-divider__element\">\n\t\t\t\t\t<svg aria-hidden=\"true\" class=\"e-font-icon-svg e-fas-moon\" viewBox=\"0 0 512 512\" xmlns=\"http:\/\/www.w3.org\/2000\/svg\"><path d=\"M283.211 512c78.962 0 151.079-35.925 198.857-94.792 7.068-8.708-.639-21.43-11.562-19.35-124.203 23.654-238.262-71.576-238.262-196.954 0-72.222 38.662-138.635 101.498-174.394 9.686-5.512 7.25-20.197-3.756-22.23A258.156 258.156 0 0 0 283.211 0c-141.309 0-256 114.511-256 256 0 141.309 114.511 256 256 256z\"><\/path><\/svg><\/div>\n\t\t\t\t\t\t<\/span>\n\t\t<\/div>\n\t\t\t\t\t\t<\/div>\n\t\t\t\t<\/div>\n\t\t\t\t<div class=\"elementor-element elementor-element-3797913 elementor-widget elementor-widget-heading\" data-id=\"3797913\" data-element_type=\"widget\" data-e-type=\"widget\" data-widget_type=\"heading.default\">\n\t\t\t\t<div class=\"elementor-widget-container\">\n\t\t\t\t\t<h3 class=\"elementor-heading-title elementor-size-default\">Calend\u00e1rio Lunar<\/h3>\t\t\t\t<\/div>\n\t\t\t\t<\/div>\n\t\t\t\t\t<\/div>\n\t\t<\/div>\n\t\t\t\t\t<\/div>\n\t\t<\/section>\n\t\t\t\t<section class=\"elementor-section elementor-top-section elementor-element elementor-element-d4f0ce8 elementor-section-boxed elementor-section-height-default elementor-section-height-default\" data-id=\"d4f0ce8\" data-element_type=\"section\" data-e-type=\"section\">\n\t\t\t\t\t\t\t<div class=\"elementor-background-overlay\"><\/div>\n\t\t\t\t\t\t\t<div class=\"elementor-container elementor-column-gap-no\">\n\t\t\t\t\t<div class=\"elementor-column elementor-col-100 elementor-top-column elementor-element elementor-element-3d0c781\" data-id=\"3d0c781\" data-element_type=\"column\" data-e-type=\"column\">\n\t\t\t<div class=\"elementor-widget-wrap elementor-element-populated\">\n\t\t\t\t\t\t<div class=\"elementor-element elementor-element-4514bfb elementor-widget elementor-widget-text-editor\" data-id=\"4514bfb\" data-element_type=\"widget\" data-e-type=\"widget\" data-widget_type=\"text-editor.default\">\n\t\t\t\t<div class=\"elementor-widget-container\">\n\t\t\t\t\t\t\t\t\t<p>Muito se fala sobre a influ\u00eancia da Lua e das mar\u00e9s na produtividade da pr\u00e1tica da pesca. O movimento da mar\u00e9s tem causa nas atra\u00e7\u00f5es gravitacionais existentes entre a Terra, a Lua e o Sol.<\/p><p>O posicionamento da Lua e do Sol em rela\u00e7\u00e3o \u00e0 Terra determinam como se comportam os n\u00edveis do mar, e conseq\u00fcentemente dos rios e canais litor\u00e2neos. Por isso, temos as mar\u00e9s grandes e pequenas, ou comumente chamadas de mar\u00e9s vivas e mortas.<\/p><p>Afirmar categoricamente qual melhor mar\u00e9 ou Lua para se praticar a pesca \u00e9 algo imposs\u00edvel. Entretanto, \u00e9 fato que nas chamadas mar\u00e9s pequenas mortas, que acontecem quando a Lua est\u00e1 em fase minguante ou crescente, a correnteza \u00e9 menor, facilitando o posicionamento das iscas onde se deseja. Outro fato, \u00e9 que nestas mar\u00e9s, os peixes ter\u00e3o uma \u00e1rea menor a circular na sua busca por alimenta\u00e7\u00e3o, j\u00e1 que teremos um consider\u00e1vel volume \u00e1gua a menos nas \u00e1reas de pesca.<\/p><p>Em verdade, seguindo estas considera\u00e7\u00f5es, podemos dizer que nas Luas de quarto, ou nas mar\u00e9s mortas, a produtividade da pesca tende a aumentar. Mas n\u00e3o podemos esquecer que as variantes existentes em fun\u00e7\u00e3o dos lugares, das esp\u00e9cies de peixes, entre outras, podem modificar esta coloca\u00e7\u00e3o e, por isso mesmo, nunca devemos desprezar a an\u00e1lise de conhecedores da regi\u00e3o onde se pretende pescar. Em outras palavras, se quiser fazer um estudo antecipado do local de pesca desejado, fa\u00e7a um cruzamento da t\u00e1bua de mar\u00e9 com o calend\u00e1rio lunar, veja quando ocorrer\u00e3o as mar\u00e9s mortas, mas n\u00e3o esque\u00e7a de consultar um pescador nativo da regi\u00e3o.<\/p>\t\t\t\t\t\t\t\t<\/div>\n\t\t\t\t<\/div>\n\t\t\t\t\t<\/div>\n\t\t<\/div>\n\t\t\t\t\t<\/div>\n\t\t<\/section>\n\t\t\t\t<section class=\"elementor-section elementor-top-section elementor-element elementor-element-b51e63e elementor-section-boxed elementor-section-height-default elementor-section-height-default\" data-id=\"b51e63e\" data-element_type=\"section\" data-e-type=\"section\">\n\t\t\t\t\t\t\t<div class=\"elementor-background-overlay\"><\/div>\n\t\t\t\t\t\t\t<div class=\"elementor-container elementor-column-gap-no\">\n\t\t\t\t\t<div class=\"elementor-column elementor-col-100 elementor-top-column elementor-element elementor-element-1ac03b5\" data-id=\"1ac03b5\" data-element_type=\"column\" data-e-type=\"column\">\n\t\t\t<div class=\"elementor-widget-wrap elementor-element-populated\">\n\t\t\t\t\t\t<div class=\"elementor-element elementor-element-2d4c582 elementor-widget elementor-widget-heading\" data-id=\"2d4c582\" data-element_type=\"widget\" data-e-type=\"widget\" data-widget_type=\"heading.default\">\n\t\t\t\t<div class=\"elementor-widget-container\">\n\t\t\t\t\t<h5 class=\"elementor-heading-title elementor-size-default\">A lua crescente para cheia s\u00e3o as sugeridas pelo Sr. Jamil, propriet\u00e1rio do Hotel.\n<\/h5>\t\t\t\t<\/div>\n\t\t\t\t<\/div>\n\t\t\t\t\t<\/div>\n\t\t<\/div>\n\t\t\t\t\t<\/div>\n\t\t<\/section>\n\t\t<div class=\"elementor-element elementor-element-f66ff7e e-flex e-con-boxed e-con e-parent\" data-id=\"f66ff7e\" data-element_type=\"container\" data-e-type=\"container\">\n\t\t\t\t\t<div class=\"e-con-inner\">\n\t\t<div class=\"elementor-element elementor-element-80e29e1 e-con-full e-flex e-con e-child\" data-id=\"80e29e1\" data-element_type=\"container\" data-e-type=\"container\" data-settings=\"{&quot;background_background&quot;:&quot;classic&quot;}\">\n\t\t\t\t<div class=\"elementor-element elementor-element-b05566b elementor-widget elementor-widget-image\" data-id=\"b05566b\" data-element_type=\"widget\" data-e-type=\"widget\" data-widget_type=\"image.default\">\n\t\t\t\t<div class=\"elementor-widget-container\">\n\t\t\t\t\t\t\t\t\t\t\t\t\t\t\t<img decoding=\"async\" width=\"171\" height=\"128\" src=\"https:\/\/www.portojofre.com.br\/site\/wp-content\/uploads\/2024\/07\/mini_na_nova.jpg\" class=\"attachment-large size-large wp-image-2905\" alt=\"\" \/>\t\t\t\t\t\t\t\t\t\t\t\t\t\t\t<\/div>\n\t\t\t\t<\/div>\n\t\t\t\t<div class=\"elementor-element elementor-element-ddb560f elementor-widget elementor-widget-heading\" data-id=\"ddb560f\" data-element_type=\"widget\" data-e-type=\"widget\" data-widget_type=\"heading.default\">\n\t\t\t\t<div class=\"elementor-widget-container\">\n\t\t\t\t\t<h2 class=\"elementor-heading-title elementor-size-default\">Lua nova<\/h2>\t\t\t\t<\/div>\n\t\t\t\t<\/div>\n\t\t\t\t<\/div>\n\t\t<div class=\"elementor-element elementor-element-daa0613 e-con-full e-flex e-con e-child\" data-id=\"daa0613\" data-element_type=\"container\" data-e-type=\"container\" data-settings=\"{&quot;background_background&quot;:&quot;classic&quot;}\">\n\t\t\t\t<div class=\"elementor-element elementor-element-4c8ea38 elementor-widget elementor-widget-image\" data-id=\"4c8ea38\" data-element_type=\"widget\" data-e-type=\"widget\" data-widget_type=\"image.default\">\n\t\t\t\t<div class=\"elementor-widget-container\">\n\t\t\t\t\t\t\t\t\t\t\t\t\t\t\t<img decoding=\"async\" width=\"171\" height=\"128\" src=\"https:\/\/www.portojofre.com.br\/site\/wp-content\/uploads\/2024\/07\/mini_na_crescente.jpg\" class=\"attachment-large size-large wp-image-2903\" alt=\"\" \/>\t\t\t\t\t\t\t\t\t\t\t\t\t\t\t<\/div>\n\t\t\t\t<\/div>\n\t\t\t\t<div class=\"elementor-element elementor-element-4eaea51 elementor-widget elementor-widget-heading\" data-id=\"4eaea51\" data-element_type=\"widget\" data-e-type=\"widget\" data-widget_type=\"heading.default\">\n\t\t\t\t<div class=\"elementor-widget-container\">\n\t\t\t\t\t<h2 class=\"elementor-heading-title elementor-size-default\">Lua Crescente<\/h2>\t\t\t\t<\/div>\n\t\t\t\t<\/div>\n\t\t\t\t<\/div>\n\t\t<div class=\"elementor-element elementor-element-49a2c6a e-con-full e-flex e-con e-child\" data-id=\"49a2c6a\" data-element_type=\"container\" data-e-type=\"container\" data-settings=\"{&quot;background_background&quot;:&quot;classic&quot;}\">\n\t\t\t\t<div class=\"elementor-element elementor-element-1dce096 elementor-widget elementor-widget-image\" data-id=\"1dce096\" data-element_type=\"widget\" data-e-type=\"widget\" data-widget_type=\"image.default\">\n\t\t\t\t<div class=\"elementor-widget-container\">\n\t\t\t\t\t\t\t\t\t\t\t\t\t\t\t<img decoding=\"async\" width=\"171\" height=\"128\" src=\"https:\/\/www.portojofre.com.br\/site\/wp-content\/uploads\/2024\/07\/mini_na_cheia.jpg\" class=\"attachment-large size-large wp-image-2902\" alt=\"\" \/>\t\t\t\t\t\t\t\t\t\t\t\t\t\t\t<\/div>\n\t\t\t\t<\/div>\n\t\t\t\t<div class=\"elementor-element elementor-element-e0b27cb elementor-widget elementor-widget-heading\" data-id=\"e0b27cb\" data-element_type=\"widget\" data-e-type=\"widget\" data-widget_type=\"heading.default\">\n\t\t\t\t<div class=\"elementor-widget-container\">\n\t\t\t\t\t<h2 class=\"elementor-heading-title elementor-size-default\">Lua Cheia<\/h2>\t\t\t\t<\/div>\n\t\t\t\t<\/div>\n\t\t\t\t<\/div>\n\t\t<div class=\"elementor-element elementor-element-c2fc7b6 e-con-full e-flex e-con e-child\" data-id=\"c2fc7b6\" data-element_type=\"container\" data-e-type=\"container\" data-settings=\"{&quot;background_background&quot;:&quot;classic&quot;}\">\n\t\t\t\t<div class=\"elementor-element elementor-element-d6e8748 elementor-widget elementor-widget-image\" data-id=\"d6e8748\" data-element_type=\"widget\" data-e-type=\"widget\" data-widget_type=\"image.default\">\n\t\t\t\t<div class=\"elementor-widget-container\">\n\t\t\t\t\t\t\t\t\t\t\t\t\t\t\t<img loading=\"lazy\" decoding=\"async\" width=\"171\" height=\"128\" src=\"https:\/\/www.portojofre.com.br\/site\/wp-content\/uploads\/2024\/07\/mini_na_minguante.jpg\" class=\"attachment-large size-large wp-image-2904\" alt=\"\" \/>\t\t\t\t\t\t\t\t\t\t\t\t\t\t\t<\/div>\n\t\t\t\t<\/div>\n\t\t\t\t<div class=\"elementor-element elementor-element-ac2abaf elementor-widget elementor-widget-heading\" data-id=\"ac2abaf\" data-element_type=\"widget\" data-e-type=\"widget\" data-widget_type=\"heading.default\">\n\t\t\t\t<div class=\"elementor-widget-container\">\n\t\t\t\t\t<h2 class=\"elementor-heading-title elementor-size-default\">Lua Miguante<\/h2>\t\t\t\t<\/div>\n\t\t\t\t<\/div>\n\t\t\t\t<\/div>\n\t\t\t\t\t<\/div>\n\t\t\t\t<\/div>\n\t\t\t\t<section class=\"elementor-section elementor-top-section elementor-element elementor-element-4819a1a elementor-reverse-tablet elementor-reverse-mobile elementor-section-boxed elementor-section-height-default elementor-section-height-default\" data-id=\"4819a1a\" data-element_type=\"section\" data-e-type=\"section\">\n\t\t\t\t\t\t<div class=\"elementor-container elementor-column-gap-no\">\n\t\t\t\t\t<div class=\"elementor-column elementor-col-100 elementor-top-column elementor-element elementor-element-71cc12c\" data-id=\"71cc12c\" data-element_type=\"column\" data-e-type=\"column\">\n\t\t\t<div class=\"elementor-widget-wrap elementor-element-populated\">\n\t\t\t\t\t\t<div class=\"elementor-element elementor-element-f28f599 elementor-widget-divider--view-line_icon elementor-view-default elementor-widget-divider--element-align-center elementor-widget elementor-widget-divider\" data-id=\"f28f599\" data-element_type=\"widget\" data-e-type=\"widget\" data-widget_type=\"divider.default\">\n\t\t\t\t<div class=\"elementor-widget-container\">\n\t\t\t\t\t\t\t<div class=\"elementor-divider\">\n\t\t\t<span class=\"elementor-divider-separator\">\n\t\t\t\t\t\t\t<div class=\"elementor-icon elementor-divider__element\">\n\t\t\t\t\t<svg aria-hidden=\"true\" class=\"e-font-icon-svg e-fas-cloud-sun-rain\" viewBox=\"0 0 576 512\" xmlns=\"http:\/\/www.w3.org\/2000\/svg\"><path d=\"M510.5 225.5c-6.9-37.2-39.3-65.5-78.5-65.5-12.3 0-23.9 3-34.3 8-17.4-24.1-45.6-40-77.7-40-53 0-96 43-96 96 0 .5.2 1.1.2 1.6C187.6 233 160 265.2 160 304c0 44.2 35.8 80 80 80h256c44.2 0 80-35.8 80-80 0-39.2-28.2-71.7-65.5-78.5zm-386.4 34.4c-37.4-37.4-37.4-98.3 0-135.8 34.6-34.6 89.1-36.8 126.7-7.4 20-12.9 43.6-20.7 69.2-20.7.7 0 1.3.2 2 .2l8.9-26.7c3.4-10.2-6.3-19.8-16.5-16.4l-75.3 25.1-35.5-71c-4.8-9.6-18.5-9.6-23.3 0l-35.5 71-75.3-25.1c-10.2-3.4-19.8 6.3-16.4 16.5l25.1 75.3-71 35.5c-9.6 4.8-9.6 18.5 0 23.3l71 35.5-25.1 75.3c-3.4 10.2 6.3 19.8 16.5 16.5l59.2-19.7c-.2-2.4-.7-4.7-.7-7.2 0-12.5 2.3-24.5 6.2-35.9-3.6-2.7-7.1-5.2-10.2-8.3zm69.8-58c4.3-24.5 15.8-46.4 31.9-64-9.8-6.2-21.4-9.9-33.8-9.9-35.3 0-64 28.7-64 64 0 18.7 8.2 35.4 21.1 47.1 11.3-15.9 26.6-28.9 44.8-37.2zm330.6 216.2c-7.6-4.3-17.4-1.8-21.8 6l-36.6 64c-4.4 7.7-1.7 17.4 6 21.8 2.5 1.4 5.2 2.1 7.9 2.1 5.5 0 10.9-2.9 13.9-8.1l36.6-64c4.3-7.7 1.7-17.4-6-21.8zm-96 0c-7.6-4.3-17.4-1.8-21.8 6l-36.6 64c-4.4 7.7-1.7 17.4 6 21.8 2.5 1.4 5.2 2.1 7.9 2.1 5.5 0 10.9-2.9 13.9-8.1l36.6-64c4.3-7.7 1.7-17.4-6-21.8zm-96 0c-7.6-4.3-17.4-1.8-21.8 6l-36.6 64c-4.4 7.7-1.7 17.4 6 21.8 2.5 1.4 5.2 2.1 7.9 2.1 5.5 0 10.9-2.9 13.9-8.1l36.6-64c4.3-7.7 1.7-17.4-6-21.8zm-96 0c-7.6-4.3-17.4-1.8-21.8 6l-36.6 64c-4.4 7.7-1.7 17.4 6 21.8 2.5 1.4 5.2 2.1 7.9 2.1 5.5 0 10.9-2.9 13.9-8.1l36.6-64c4.3-7.7 1.7-17.4-6-21.8z\"><\/path><\/svg><\/div>\n\t\t\t\t\t\t<\/span>\n\t\t<\/div>\n\t\t\t\t\t\t<\/div>\n\t\t\t\t<\/div>\n\t\t\t\t<div class=\"elementor-element elementor-element-f8daf6f elementor-widget elementor-widget-heading\" data-id=\"f8daf6f\" data-element_type=\"widget\" data-e-type=\"widget\" data-widget_type=\"heading.default\">\n\t\t\t\t<div class=\"elementor-widget-container\">\n\t\t\t\t\t<h3 class=\"elementor-heading-title elementor-size-default\">Tempo<\/h3>\t\t\t\t<\/div>\n\t\t\t\t<\/div>\n\t\t\t\t\t<\/div>\n\t\t<\/div>\n\t\t\t\t\t<\/div>\n\t\t<\/section>\n\t\t<div class=\"elementor-element elementor-element-5b90a43 e-flex e-con-boxed e-con e-parent\" data-id=\"5b90a43\" data-element_type=\"container\" data-e-type=\"container\">\n\t\t\t\t\t<div class=\"e-con-inner\">\n\t\t\t\t<div class=\"elementor-element elementor-element-4987e11 elementor-widget elementor-widget-html\" data-id=\"4987e11\" data-element_type=\"widget\" data-e-type=\"widget\" data-widget_type=\"html.default\">\n\t\t\t\t<div class=\"elementor-widget-container\">\n\t\t\t\t\t<a class=\"weatherwidget-io\" href=\"https:\/\/forecast7.com\/pt\/n16d27n56d63\/pocone\/\" data-label_1=\"POCON\u00c9\" data-label_2=\"km 145\" data-icons=\"Climacons Animated\" >POCON\u00c9 km 145<\/a>\r\n<script>\r\n!function(d,s,id){var js,fjs=d.getElementsByTagName(s)[0];if(!d.getElementById(id)){js=d.createElement(s);js.id=id;js.src='https:\/\/weatherwidget.io\/js\/widget.min.js';fjs.parentNode.insertBefore(js,fjs);}}(document,'script','weatherwidget-io-js');\r\n<\/script>\t\t\t\t<\/div>\n\t\t\t\t<\/div>\n\t\t\t\t\t<\/div>\n\t\t\t\t<\/div>\n\t\t\t\t<\/div>\n\t\t","protected":false},"excerpt":{"rendered":"<p>Calend\u00e1rio Lunar Muito se fala sobre a influ\u00eancia da Lua e das mar\u00e9s na produtividade da pr\u00e1tica da pesca. O movimento da mar\u00e9s tem causa nas atra\u00e7\u00f5es gravitacionais existentes entre a Terra, a Lua e o Sol. O posicionamento da Lua e do Sol em rela\u00e7\u00e3o \u00e0 Terra determinam como se comportam os n\u00edveis do [&hellip;]<\/p>\n","protected":false},"author":1,"featured_media":0,"parent":0,"menu_order":0,"comment_status":"closed","ping_status":"closed","template":"","meta":{"footnotes":""},"class_list":["post-632","page","type-page","status-publish","hentry"],"_links":{"self":[{"href":"https:\/\/www.portojofre.com.br\/site\/wp-json\/wp\/v2\/pages\/632","targetHints":{"allow":["GET"]}}],"collection":[{"href":"https:\/\/www.portojofre.com.br\/site\/wp-json\/wp\/v2\/pages"}],"about":[{"href":"https:\/\/www.portojofre.com.br\/site\/wp-json\/wp\/v2\/types\/page"}],"author":[{"embeddable":true,"href":"https:\/\/www.portojofre.com.br\/site\/wp-json\/wp\/v2\/users\/1"}],"replies":[{"embeddable":true,"href":"https:\/\/www.portojofre.com.br\/site\/wp-json\/wp\/v2\/comments?post=632"}],"version-history":[{"count":73,"href":"https:\/\/www.portojofre.com.br\/site\/wp-json\/wp\/v2\/pages\/632\/revisions"}],"predecessor-version":[{"id":2961,"href":"https:\/\/www.portojofre.com.br\/site\/wp-json\/wp\/v2\/pages\/632\/revisions\/2961"}],"wp:attachment":[{"href":"https:\/\/www.portojofre.com.br\/site\/wp-json\/wp\/v2\/media?parent=632"}],"curies":[{"name":"wp","href":"https:\/\/api.w.org\/{rel}","templated":true}]}}