{"id":622,"date":"2024-05-11T21:41:19","date_gmt":"2024-05-12T01:41:19","guid":{"rendered":"https:\/\/www.portojofre.com.br\/site\/?page_id=622"},"modified":"2024-07-09T10:08:14","modified_gmt":"2024-07-09T14:08:14","slug":"normas","status":"publish","type":"page","link":"https:\/\/www.portojofre.com.br\/site\/normas\/","title":{"rendered":"Normas"},"content":{"rendered":"\t\t<div data-elementor-type=\"wp-page\" data-elementor-id=\"622\" class=\"elementor elementor-622\" data-elementor-post-type=\"page\">\n\t\t\t\t<div class=\"elementor-element elementor-element-5078fc9 e-flex e-con-boxed e-con e-parent\" data-id=\"5078fc9\" data-element_type=\"container\" data-e-type=\"container\" data-settings=\"{&quot;background_background&quot;:&quot;classic&quot;}\">\n\t\t\t\t\t<div class=\"e-con-inner\">\n\t\t\t\t\t<\/div>\n\t\t\t\t<\/div>\n\t\t\t\t<section class=\"elementor-section elementor-top-section elementor-element elementor-element-fa1297c elementor-reverse-tablet elementor-reverse-mobile elementor-section-boxed elementor-section-height-default elementor-section-height-default\" data-id=\"fa1297c\" data-element_type=\"section\" data-e-type=\"section\">\n\t\t\t\t\t\t<div class=\"elementor-container elementor-column-gap-no\">\n\t\t\t\t\t<div class=\"elementor-column elementor-col-100 elementor-top-column elementor-element elementor-element-1cfd480\" data-id=\"1cfd480\" data-element_type=\"column\" data-e-type=\"column\">\n\t\t\t<div class=\"elementor-widget-wrap elementor-element-populated\">\n\t\t\t\t\t\t<div class=\"elementor-element elementor-element-df4eaa7 elementor-widget-divider--view-line_icon elementor-view-default elementor-widget-divider--element-align-center elementor-widget elementor-widget-divider\" data-id=\"df4eaa7\" data-element_type=\"widget\" data-e-type=\"widget\" data-widget_type=\"divider.default\">\n\t\t\t\t<div class=\"elementor-widget-container\">\n\t\t\t\t\t\t\t<div class=\"elementor-divider\">\n\t\t\t<span class=\"elementor-divider-separator\">\n\t\t\t\t\t\t\t<div class=\"elementor-icon elementor-divider__element\">\n\t\t\t\t\t<svg aria-hidden=\"true\" class=\"e-font-icon-svg e-fas-marker\" viewBox=\"0 0 512 512\" xmlns=\"http:\/\/www.w3.org\/2000\/svg\"><path d=\"M93.95 290.03A327.038 327.038 0 0 0 .17 485.11l-.03.23c-1.7 15.28 11.21 28.2 26.49 26.51a327.02 327.02 0 0 0 195.34-93.8l75.4-75.4-128.02-128.02-75.4 75.4zM485.49 26.51c-35.35-35.35-92.67-35.35-128.02 0l-21.76 21.76-36.56-36.55c-15.62-15.62-40.95-15.62-56.56 0L138.47 115.84c-6.25 6.25-6.25 16.38 0 22.63l22.62 22.62c6.25 6.25 16.38 6.25 22.63 0l87.15-87.15 19.59 19.59L191.98 192 320 320.02l165.49-165.49c35.35-35.35 35.35-92.66 0-128.02z\"><\/path><\/svg><\/div>\n\t\t\t\t\t\t<\/span>\n\t\t<\/div>\n\t\t\t\t\t\t<\/div>\n\t\t\t\t<\/div>\n\t\t\t\t<div class=\"elementor-element elementor-element-fd93047 elementor-widget elementor-widget-heading\" data-id=\"fd93047\" data-element_type=\"widget\" data-e-type=\"widget\" data-widget_type=\"heading.default\">\n\t\t\t\t<div class=\"elementor-widget-container\">\n\t\t\t\t\t<h3 class=\"elementor-heading-title elementor-size-default\">Normas do Hotel<\/h3>\t\t\t\t<\/div>\n\t\t\t\t<\/div>\n\t\t\t\t\t<\/div>\n\t\t<\/div>\n\t\t\t\t\t<\/div>\n\t\t<\/section>\n\t\t\t\t<section class=\"elementor-section elementor-top-section elementor-element elementor-element-23ee968 elementor-section-boxed elementor-section-height-default elementor-section-height-default\" data-id=\"23ee968\" data-element_type=\"section\" data-e-type=\"section\">\n\t\t\t\t\t\t\t<div class=\"elementor-background-overlay\"><\/div>\n\t\t\t\t\t\t\t<div class=\"elementor-container elementor-column-gap-no\">\n\t\t\t\t\t<div class=\"elementor-column elementor-col-100 elementor-top-column elementor-element elementor-element-7584fcd\" data-id=\"7584fcd\" data-element_type=\"column\" data-e-type=\"column\">\n\t\t\t<div class=\"elementor-widget-wrap elementor-element-populated\">\n\t\t\t\t\t\t<div class=\"elementor-element elementor-element-1bb3956 elementor-widget elementor-widget-text-editor\" data-id=\"1bb3956\" data-element_type=\"widget\" data-e-type=\"widget\" data-widget_type=\"text-editor.default\">\n\t\t\t\t<div class=\"elementor-widget-container\">\n\t\t\t\t\t\t\t\t\t<div class=\"col-sm-9\"><p style=\"text-align: justify;\">A serem observadas e cumpridas para o pleno entendimento entre h\u00f3spedes e a administra\u00e7\u00e3o do <strong>HOTEL PORTO JOFRE PANTANAL NORTE<\/strong>, n\u00e3o obstante a convic\u00e7\u00e3o de que o bom senso e o respeito m\u00fatuo constituem as melhores refer\u00eancias para o conv\u00edvio com elevados padr\u00f5es de civilidade.<\/p><\/div>\t\t\t\t\t\t\t\t<\/div>\n\t\t\t\t<\/div>\n\t\t\t\t<div class=\"elementor-element elementor-element-76e0845 elementor-widget elementor-widget-icon-box\" data-id=\"76e0845\" data-element_type=\"widget\" data-e-type=\"widget\" data-widget_type=\"icon-box.default\">\n\t\t\t\t<div class=\"elementor-widget-container\">\n\t\t\t\t\t\t\t<div class=\"elementor-icon-box-wrapper\">\n\n\t\t\t\n\t\t\t\t\t\t<div class=\"elementor-icon-box-content\">\n\n\t\t\t\t\t\t\t\t\t<span class=\"elementor-icon-box-title\">\n\t\t\t\t\t\t<span  >\n\t\t\t\t\t\t\tSEMA\t\t\t\t\t\t<\/span>\n\t\t\t\t\t<\/span>\n\t\t\t\t\n\t\t\t\t\n\t\t\t<\/div>\n\t\t\t\n\t\t<\/div>\n\t\t\t\t\t\t<\/div>\n\t\t\t\t<\/div>\n\t\t\t\t<div class=\"elementor-element elementor-element-1e84e03 elementor-widget elementor-widget-text-editor\" data-id=\"1e84e03\" data-element_type=\"widget\" data-e-type=\"widget\" data-widget_type=\"text-editor.default\">\n\t\t\t\t<div class=\"elementor-widget-container\">\n\t\t\t\t\t\t\t\t\t<ul><li><b>LEI ESTADUAL N\u00ba 9895 DE 07\/03\/2013 <\/b>\u2013 Ficam estabelecidas as medidas m\u00ednimas para a captura de peixes no Estado de Mato Grosso conforme os Anexos desta lei.:<\/li><\/ul><p>\u00a0<\/p><table style=\"height: 729px;\" width=\"1035\" cellspacing=\"0\" cellpadding=\"15\"><thead><tr valign=\"top\"><td width=\"371\"><span style=\"font-size: small;\"><b>Peixe<\/b><\/span><\/td><td width=\"595\"><span style=\"font-size: small;\"><b>Medida M\u00ednima (cm)<\/b><\/span><\/td><\/tr><\/thead><tbody><tr valign=\"top\"><td width=\"371\"><span style=\"font-size: small;\">Barbado<\/span><\/td><td width=\"595\"><span style=\"font-size: small;\">60<\/span><\/td><\/tr><tr valign=\"top\"><td bgcolor=\"#f4f5ef\" width=\"371\"><span style=\"font-size: small;\">Cachara<\/span><\/td><td bgcolor=\"#f4f5ef\" width=\"595\"><span style=\"font-size: small;\">Proibido Transporte<\/span><\/td><\/tr><tr valign=\"top\"><td width=\"371\"><span style=\"font-size: small;\">Chimbur\u00e9<\/span><\/td><td width=\"595\"><span style=\"font-size: small;\">25<\/span><\/td><\/tr><tr valign=\"top\"><td bgcolor=\"#f4f5ef\" width=\"371\"><span style=\"font-size: small;\">Curimbat\u00e1<\/span><\/td><td bgcolor=\"#f4f5ef\" width=\"595\"><span style=\"font-size: small;\">38<\/span><\/td><\/tr><tr valign=\"top\"><td width=\"371\"><span style=\"font-size: small;\">Dourado<\/span><\/td><td width=\"595\"><span style=\"font-size: small;\">Proibido Transporte<\/span><\/td><\/tr><tr valign=\"top\"><td bgcolor=\"#f4f5ef\" width=\"371\"><span style=\"font-size: small;\">Ja\u00fa<\/span><\/td><td bgcolor=\"#f4f5ef\" width=\"595\"><span style=\"font-size: small;\">Proibido Transporte<\/span><\/td><\/tr><tr valign=\"top\"><td width=\"371\"><span style=\"font-size: small;\">Jurupensen<\/span><\/td><td width=\"595\"><span style=\"font-size: small;\">35<\/span><\/td><\/tr><tr valign=\"top\"><td bgcolor=\"#f4f5ef\" width=\"371\"><span style=\"font-size: small;\">Jurupoca<\/span><\/td><td bgcolor=\"#f4f5ef\" width=\"595\"><span style=\"font-size: small;\">40<\/span><\/td><\/tr><tr valign=\"top\"><td width=\"371\"><span style=\"font-size: small;\">Palmito<\/span><\/td><td width=\"595\"><span style=\"font-size: small;\">35<\/span><\/td><\/tr><tr valign=\"top\"><td bgcolor=\"#f4f5ef\" width=\"371\"><span style=\"font-size: small;\">Pacu<\/span><\/td><td bgcolor=\"#f4f5ef\" width=\"595\"><span style=\"font-size: small;\">45<\/span><\/td><\/tr><tr valign=\"top\"><td width=\"371\"><span style=\"font-size: small;\">Pacu Peva<\/span><\/td><td width=\"595\"><span style=\"font-size: small;\">20<\/span><\/td><\/tr><tr valign=\"top\"><td bgcolor=\"#f4f5ef\" width=\"371\"><span style=\"font-size: small;\">Pia\u00fa<\/span><\/td><td bgcolor=\"#f4f5ef\" width=\"595\"><span style=\"font-size: small;\">25<\/span><\/td><\/tr><tr valign=\"top\"><td width=\"371\"><span style=\"font-size: small;\">Piavu\u00e7\u00fa<\/span><\/td><td width=\"595\"><span style=\"font-size: small;\">38<\/span><\/td><\/tr><tr valign=\"top\"><td bgcolor=\"#f4f5ef\" width=\"371\"><span style=\"font-size: small;\">Pintado<\/span><\/td><td bgcolor=\"#f4f5ef\" width=\"595\"><span style=\"font-size: small;\">Proibido Transporte<\/span><\/td><\/tr><tr valign=\"top\"><td width=\"371\"><span style=\"font-size: small;\">Piraputanga<\/span><\/td><td width=\"595\"><span style=\"font-size: small;\">Proibido Transporte<\/span><\/td><\/tr><\/tbody><\/table><p>\u00a0<\/p><ul><li><strong>DECRETO N\u00ba 677, DE 01 DE FEVEREIRO DE 2024.<\/strong><\/li><\/ul><p style=\"padding-left: 40px;\">Regulamenta o Art. 19-A da Lei n\u00ba 9.096, de 16 de janeiro de 2009, que disp\u00f5e sobre a Pol\u00edtica da pesca no Estado de Mato Grosso e d\u00e1 outras provid\u00eancias.<\/p><p style=\"padding-left: 40px;\" align=\"justify\">O GOVERNADOR DO ESTADO DE MATO GROSSO, no uso das atribui\u00e7\u00f5es que lhe confere o artigo 66, inciso III, da Constitui\u00e7\u00e3o Estadual.<\/p><p style=\"padding-left: 40px;\" align=\"justify\">DECRETA:<\/p><p style=\"padding-left: 40px;\" align=\"justify\">Art. 1\u00ba O transporte, o armazenamento e a comercializa\u00e7\u00e3o do pescado oriundo da pesca em rios do Estado de Mato Grosso dever\u00e3o observar as diretrizes espec\u00edficas definidas neste Decreto pelo per\u00edodo de 05 (cinco) anos, contados a partir de 1\u00ba de janeiro de 2024.<\/p><p style=\"padding-left: 40px;\" align=\"justify\">\u00a7 1\u00ba Durante o per\u00edodo estabelecido no caput, ser\u00e1 permitida a pesca na modalidade \u201cpesque e solte\u201d e a pesca profissional artesanal, desde que atendam \u00e0s condi\u00e7\u00f5es previstas neste Decreto.<\/p><p style=\"padding-left: 40px;\" align=\"justify\">\u00a7 2\u00ba A restri\u00e7\u00e3o na atividade da pesca profissional artesanal ser\u00e1 compensada por contrapresta\u00e7\u00e3o pecuni\u00e1ria, nos termos do art. 46-B da Lei n\u00ba 9.096, de 16 de janeiro de 2009, mas n\u00e3o poder\u00e1 impedir a atividade do pescador profissional artesanal em sua plenitude.<\/p><p style=\"padding-left: 40px;\" align=\"justify\">Art. 2\u00ba Ser\u00e3o integralmente vedados o transporte, o armazenamento e a comercializa\u00e7\u00e3o do pescado oriundo da pesca em rios do Estado de Mato Grosso, pelo per\u00edodo de 5 (cinco) anos, contados a partir de 1\u00ba de janeiro de 2024, em rela\u00e7\u00e3o \u00e0s seguintes esp\u00e9cies (G\u00eanero) e suas subesp\u00e9cies e variedades:<\/p><p style=\"padding-left: 40px;\" align=\"justify\">I &#8211; Cachara (Pseudoplatystoma fasciatum);<\/p><p style=\"padding-left: 40px;\" align=\"justify\">II &#8211; Caparari (Pseudoplatystoma tigrinum);<\/p><p style=\"padding-left: 40px;\" align=\"justify\">III &#8211; Dourado (Salminus brasiliensis);<\/p><p style=\"padding-left: 40px;\" align=\"justify\">IV &#8211; Ja\u00fa (Zungaro zungaro);<\/p><p style=\"padding-left: 40px;\" align=\"justify\">V &#8211; Matrinch\u00e3 (Brycon spp);<\/p><p style=\"padding-left: 40px;\" align=\"justify\">VI &#8211; Pintado\/Surubin (Pseudoplatystoma corruscans; Pseudoplatystoma fasciatum; Pseudoplatystoma sp);<\/p><p style=\"padding-left: 40px;\" align=\"justify\">VII &#8211; Pira\u00edba (Brachyplatystoma filamentosum);<\/p><p style=\"padding-left: 40px;\" align=\"justify\">VIII &#8211; Piraputanga (Brycon hilarii);<\/p><p style=\"padding-left: 40px;\" align=\"justify\">X &#8211; Pirarucu (Arapaima gigas);<\/p><p style=\"padding-left: 40px;\" align=\"justify\">XI &#8211; Trair\u00e3o (Hoplia);<\/p><p style=\"padding-left: 40px;\" align=\"justify\">XII &#8211; Tucunar\u00e9 (Cichla spp).<\/p><p style=\"padding-left: 40px;\" align=\"justify\">\u00a01\u00ba Com exce\u00e7\u00e3o das esp\u00e9cies listadas no caput, para todas as mais de 100 esp\u00e9cies de peixes oriundos de rios do Estado de Mato Grosso, fica autorizada a pesca, respeitadas as medidas e as cotas previstas em legisla\u00e7\u00e3o espec\u00edfica.<\/p><p style=\"padding-left: 40px;\" align=\"justify\">Art. 3\u00ba A partir de 1\u00ba de janeiro de 2024, somente ser\u00e1 permitida a pesca amadora na modalidade \u201cpesque e solte\u201d, sendo proibido o abate e transporte pelo per\u00edodo definido pelo Art 19-A da Lei n\u00ba 9.096, de 16 de janeiro de 2009.<\/p><p style=\"padding-left: 40px;\" align=\"justify\">\u00a7 2\u00ba O abate com o objetivo exclusivo para consumo no local para pescadores na modalidade amador ter\u00e1 os crit\u00e9rios definidos por Resolu\u00e7\u00e3o do CEPESCA.<\/p><p style=\"padding-left: 40px;\" align=\"justify\">\u00a7 3\u00ba Entende-se como local de consumo de pescado, para fins do que se refere o par\u00e1grafo anterior, o barco hotel, o rancho, o hotel e ou a pousada, o barranco, o acampamento, e ou similar, desde que localizado no mesmo munic\u00edpio do local de pesca e em, no m\u00e1ximo, 500 (quinhentos) metros de dist\u00e2ncia da margem do rio.<\/p><p style=\"padding-left: 40px;\" align=\"justify\">\u00a7 4\u00ba At\u00e9 que se defina em resolu\u00e7\u00e3o espec\u00edfica do CEPESCA, ser\u00e1 permitido o transporte, abate e consumo no local de at\u00e9 2kg (dois quilos) de peixes ou 01 (um) exemplar pelo pescador amador, desde que, em qualquer hip\u00f3tese, n\u00e3o estejam no rol de esp\u00e9cies proibidas previsto no Art. 2\u00ba, respeitadas as medidas e as cotas previstas em legisla\u00e7\u00e3o espec\u00edfica.<\/p><p style=\"padding-left: 40px;\" align=\"justify\">\u00a7 5\u00ba \u00c9 vedado o com\u00e9rcio do pescado proveniente da pesca amadora<\/p>\t\t\t\t\t\t\t\t<\/div>\n\t\t\t\t<\/div>\n\t\t\t\t<div class=\"elementor-element elementor-element-a2f2630 elementor-widget elementor-widget-icon-box\" data-id=\"a2f2630\" data-element_type=\"widget\" data-e-type=\"widget\" data-widget_type=\"icon-box.default\">\n\t\t\t\t<div class=\"elementor-widget-container\">\n\t\t\t\t\t\t\t<div class=\"elementor-icon-box-wrapper\">\n\n\t\t\t\n\t\t\t\t\t\t<div class=\"elementor-icon-box-content\">\n\n\t\t\t\t\t\t\t\t\t<span class=\"elementor-icon-box-title\">\n\t\t\t\t\t\t<span  >\n\t\t\t\t\t\t\tMeio Ambiente\t\t\t\t\t\t<\/span>\n\t\t\t\t\t<\/span>\n\t\t\t\t\n\t\t\t\t\n\t\t\t<\/div>\n\t\t\t\n\t\t<\/div>\n\t\t\t\t\t\t<\/div>\n\t\t\t\t<\/div>\n\t\t\t\t<div class=\"elementor-element elementor-element-7a62662 elementor-widget elementor-widget-text-editor\" data-id=\"7a62662\" data-element_type=\"widget\" data-e-type=\"widget\" data-widget_type=\"text-editor.default\">\n\t\t\t\t<div class=\"elementor-widget-container\">\n\t\t\t\t\t\t\t\t\t<p><span style=\"font-weight: bolder;\">CAP: 263 EST.\/272 FEDERAL SUBT\u00cdTULO DO MEIO AMBIENTE<\/span><\/p><p>Trata-se de crime inafian\u00e7\u00e1vel, abater ou atirar em animais silvestres quer sejam de: pena, couro ou p\u00ealo, bem como a pesca amadora ou profissional na \u00e9poca da piracema.<\/p><p><span style=\"font-weight: bolder;\">\u00c9 proibido o porte ostensivo de armas de fogo nas depend\u00eancias do Hotel.<\/span><\/p>\t\t\t\t\t\t\t\t<\/div>\n\t\t\t\t<\/div>\n\t\t\t\t<div class=\"elementor-element elementor-element-df30fc9 elementor-widget elementor-widget-icon-box\" data-id=\"df30fc9\" data-element_type=\"widget\" data-e-type=\"widget\" data-widget_type=\"icon-box.default\">\n\t\t\t\t<div class=\"elementor-widget-container\">\n\t\t\t\t\t\t\t<div class=\"elementor-icon-box-wrapper\">\n\n\t\t\t\n\t\t\t\t\t\t<div class=\"elementor-icon-box-content\">\n\n\t\t\t\t\t\t\t\t\t<span class=\"elementor-icon-box-title\">\n\t\t\t\t\t\t<span  >\n\t\t\t\t\t\t\tMarinha do Brasil\t\t\t\t\t\t<\/span>\n\t\t\t\t\t<\/span>\n\t\t\t\t\n\t\t\t\t\n\t\t\t<\/div>\n\t\t\t\n\t\t<\/div>\n\t\t\t\t\t\t<\/div>\n\t\t\t\t<\/div>\n\t\t\t\t<div class=\"elementor-element elementor-element-04fcb89 elementor-widget elementor-widget-text-editor\" data-id=\"04fcb89\" data-element_type=\"widget\" data-e-type=\"widget\" data-widget_type=\"text-editor.default\">\n\t\t\t\t<div class=\"elementor-widget-container\">\n\t\t\t\t\t\t\t\t\t<p><b>Art. 312 Cl\u00e1usula XIII \u2013 <\/b>\u00c9 proibido lan\u00e7ar latas, garrafas ou qualquer dejeto n\u00e3o assimil\u00e1vel, nas \u00e1guas dos rios, ba\u00edas, lagunas etc.<\/p><p>A Marinha Brasileira adverte: toda embarca\u00e7\u00e3o de pequeno porte (lanchas\/voadeiras) s\u00e3o consideradas de alto risco, tornando seus usu\u00e1rios \u201c<b>N\u00c1UFRAGOS EM POTENCIAL<\/b>\u201d. Portanto, para sua seguran\u00e7a exigimos o uso de COLETES SALVA VIDAS em passeio e ou pesca.<\/p>\t\t\t\t\t\t\t\t<\/div>\n\t\t\t\t<\/div>\n\t\t\t\t<div class=\"elementor-element elementor-element-75224fa elementor-widget elementor-widget-icon-box\" data-id=\"75224fa\" data-element_type=\"widget\" data-e-type=\"widget\" data-widget_type=\"icon-box.default\">\n\t\t\t\t<div class=\"elementor-widget-container\">\n\t\t\t\t\t\t\t<div class=\"elementor-icon-box-wrapper\">\n\n\t\t\t\n\t\t\t\t\t\t<div class=\"elementor-icon-box-content\">\n\n\t\t\t\t\t\t\t\t\t<span class=\"elementor-icon-box-title\">\n\t\t\t\t\t\t<span  >\n\t\t\t\t\t\t\tNormas do Hotel\t\t\t\t\t\t<\/span>\n\t\t\t\t\t<\/span>\n\t\t\t\t\n\t\t\t\t\n\t\t\t<\/div>\n\t\t\t\n\t\t<\/div>\n\t\t\t\t\t\t<\/div>\n\t\t\t\t<\/div>\n\t\t\t\t<div class=\"elementor-element elementor-element-e1346cc elementor-widget elementor-widget-text-editor\" data-id=\"e1346cc\" data-element_type=\"widget\" data-e-type=\"widget\" data-widget_type=\"text-editor.default\">\n\t\t\t\t<div class=\"elementor-widget-container\">\n\t\t\t\t\t\t\t\t\t<ul><li>Sobre trajes para acessar o restaurante: Solicitamos n\u00e3o adentrar ao restaurante utilizando trajes de banho e ou sem camisa, sendo proibido tamb\u00e9m levar bebidas e animais dom\u00e9sticos.<\/li><\/ul><div>\u00a0<\/div><ul><li>Sobre os nossos hor\u00e1rios: Caf\u00e9 da Manh\u00e3 ( 5h at\u00e9 8h ), Almo\u00e7o ( 12h at\u00e9 13h30 ), Jantar ( 19h at\u00e9 21h ), Pesca ( 05h at\u00e9 18h ),<\/li><\/ul><div>\u00a0<\/div><ul><li>Sobre Bebidas alc\u00f3olicas: Para sua pr\u00f3pria seguran\u00e7a \u00e9 proibido oferecer BEBIDAS ALC\u00d3OLICAS AOS FUNCION\u00c1RIOS principalmente em hor\u00e1rio de trabalho (\u201co rio tem bra\u00e7os, mas \u2026 n\u00e3o tem m\u00e3os para ampar\u00e1-lo\u201d). O HOTEL N\u00c3O SE RESPONSABILIZA POR EVENTUAIS ACONTECIMENTOS OCASIONADOS PELO DESCUMPRIMENTO DESTA NORMA.<\/li><\/ul><div>\u00a0<\/div><ul><li>Sobre a pesca noturna: O hotel n\u00e3o realiza PESCA NOTURNA devido a alta periculosidade.<\/li><\/ul>\t\t\t\t\t\t\t\t<\/div>\n\t\t\t\t<\/div>\n\t\t\t\t\t<\/div>\n\t\t<\/div>\n\t\t\t\t\t<\/div>\n\t\t<\/section>\n\t\t\t\t<\/div>\n\t\t","protected":false},"excerpt":{"rendered":"<p>Normas do Hotel A serem observadas e cumpridas para o pleno entendimento entre h\u00f3spedes e a administra\u00e7\u00e3o do HOTEL PORTO JOFRE PANTANAL NORTE, n\u00e3o obstante a convic\u00e7\u00e3o de que o bom senso e o respeito m\u00fatuo constituem as melhores refer\u00eancias para o conv\u00edvio com elevados padr\u00f5es de civilidade. SEMA LEI ESTADUAL N\u00ba 9895 DE 07\/03\/2013 [&hellip;]<\/p>\n","protected":false},"author":1,"featured_media":0,"parent":0,"menu_order":0,"comment_status":"closed","ping_status":"closed","template":"","meta":{"footnotes":""},"class_list":["post-622","page","type-page","status-publish","hentry"],"_links":{"self":[{"href":"https:\/\/www.portojofre.com.br\/site\/wp-json\/wp\/v2\/pages\/622","targetHints":{"allow":["GET"]}}],"collection":[{"href":"https:\/\/www.portojofre.com.br\/site\/wp-json\/wp\/v2\/pages"}],"about":[{"href":"https:\/\/www.portojofre.com.br\/site\/wp-json\/wp\/v2\/types\/page"}],"author":[{"embeddable":true,"href":"https:\/\/www.portojofre.com.br\/site\/wp-json\/wp\/v2\/users\/1"}],"replies":[{"embeddable":true,"href":"https:\/\/www.portojofre.com.br\/site\/wp-json\/wp\/v2\/comments?post=622"}],"version-history":[{"count":37,"href":"https:\/\/www.portojofre.com.br\/site\/wp-json\/wp\/v2\/pages\/622\/revisions"}],"predecessor-version":[{"id":2897,"href":"https:\/\/www.portojofre.com.br\/site\/wp-json\/wp\/v2\/pages\/622\/revisions\/2897"}],"wp:attachment":[{"href":"https:\/\/www.portojofre.com.br\/site\/wp-json\/wp\/v2\/media?parent=622"}],"curies":[{"name":"wp","href":"https:\/\/api.w.org\/{rel}","templated":true}]}}