{"id":467,"date":"2024-05-10T22:33:50","date_gmt":"2024-05-11T02:33:50","guid":{"rendered":"https:\/\/www.portojofre.com.br\/site\/?page_id=467"},"modified":"2024-07-23T10:05:57","modified_gmt":"2024-07-23T14:05:57","slug":"localizacao","status":"publish","type":"page","link":"https:\/\/www.portojofre.com.br\/site\/localizacao\/","title":{"rendered":"Localiza\u00e7\u00e3o"},"content":{"rendered":"\t\t<div data-elementor-type=\"wp-page\" data-elementor-id=\"467\" class=\"elementor elementor-467\" data-elementor-post-type=\"page\">\n\t\t\t\t<div class=\"elementor-element elementor-element-e7f5a00 e-flex e-con-boxed e-con e-parent\" data-id=\"e7f5a00\" data-element_type=\"container\" data-e-type=\"container\" data-settings=\"{&quot;background_background&quot;:&quot;classic&quot;}\">\n\t\t\t\t\t<div class=\"e-con-inner\">\n\t\t\t\t\t<\/div>\n\t\t\t\t<\/div>\n\t\t\t\t<section class=\"elementor-section elementor-top-section elementor-element elementor-element-0cadda2 elementor-reverse-tablet elementor-reverse-mobile elementor-section-boxed elementor-section-height-default elementor-section-height-default\" data-id=\"0cadda2\" data-element_type=\"section\" data-e-type=\"section\">\n\t\t\t\t\t\t<div class=\"elementor-container elementor-column-gap-no\">\n\t\t\t\t\t<div class=\"elementor-column elementor-col-100 elementor-top-column elementor-element elementor-element-0113c2d\" data-id=\"0113c2d\" data-element_type=\"column\" data-e-type=\"column\">\n\t\t\t<div class=\"elementor-widget-wrap elementor-element-populated\">\n\t\t\t\t\t\t<div class=\"elementor-element elementor-element-a09c36a elementor-widget-divider--view-line_icon elementor-view-default elementor-widget-divider--element-align-center elementor-widget elementor-widget-divider\" data-id=\"a09c36a\" data-element_type=\"widget\" data-e-type=\"widget\" data-widget_type=\"divider.default\">\n\t\t\t\t<div class=\"elementor-widget-container\">\n\t\t\t\t\t\t\t<div class=\"elementor-divider\">\n\t\t\t<span class=\"elementor-divider-separator\">\n\t\t\t\t\t\t\t<div class=\"elementor-icon elementor-divider__element\">\n\t\t\t\t\t<svg aria-hidden=\"true\" class=\"e-font-icon-svg e-fas-map-marked-alt\" viewBox=\"0 0 576 512\" xmlns=\"http:\/\/www.w3.org\/2000\/svg\"><path d=\"M288 0c-69.59 0-126 56.41-126 126 0 56.26 82.35 158.8 113.9 196.02 6.39 7.54 17.82 7.54 24.2 0C331.65 284.8 414 182.26 414 126 414 56.41 357.59 0 288 0zm0 168c-23.2 0-42-18.8-42-42s18.8-42 42-42 42 18.8 42 42-18.8 42-42 42zM20.12 215.95A32.006 32.006 0 0 0 0 245.66v250.32c0 11.32 11.43 19.06 21.94 14.86L160 448V214.92c-8.84-15.98-16.07-31.54-21.25-46.42L20.12 215.95zM288 359.67c-14.07 0-27.38-6.18-36.51-16.96-19.66-23.2-40.57-49.62-59.49-76.72v182l192 64V266c-18.92 27.09-39.82 53.52-59.49 76.72-9.13 10.77-22.44 16.95-36.51 16.95zm266.06-198.51L416 224v288l139.88-55.95A31.996 31.996 0 0 0 576 426.34V176.02c0-11.32-11.43-19.06-21.94-14.86z\"><\/path><\/svg><\/div>\n\t\t\t\t\t\t<\/span>\n\t\t<\/div>\n\t\t\t\t\t\t<\/div>\n\t\t\t\t<\/div>\n\t\t\t\t<div class=\"elementor-element elementor-element-90256f7 elementor-widget elementor-widget-heading\" data-id=\"90256f7\" data-element_type=\"widget\" data-e-type=\"widget\" data-widget_type=\"heading.default\">\n\t\t\t\t<div class=\"elementor-widget-container\">\n\t\t\t\t\t<h3 class=\"elementor-heading-title elementor-size-default\">Localiza\u00e7\u00e3o<\/h3>\t\t\t\t<\/div>\n\t\t\t\t<\/div>\n\t\t\t\t\t<\/div>\n\t\t<\/div>\n\t\t\t\t\t<\/div>\n\t\t<\/section>\n\t\t\t\t<section class=\"elementor-section elementor-top-section elementor-element elementor-element-3a75c0b elementor-section-boxed elementor-section-height-default elementor-section-height-default\" data-id=\"3a75c0b\" data-element_type=\"section\" data-e-type=\"section\">\n\t\t\t\t\t\t\t<div class=\"elementor-background-overlay\"><\/div>\n\t\t\t\t\t\t\t<div class=\"elementor-container elementor-column-gap-no\">\n\t\t\t\t\t<div class=\"elementor-column elementor-col-50 elementor-top-column elementor-element elementor-element-2de08bb\" data-id=\"2de08bb\" data-element_type=\"column\" data-e-type=\"column\" data-settings=\"{&quot;background_background&quot;:&quot;classic&quot;}\">\n\t\t\t<div class=\"elementor-widget-wrap elementor-element-populated\">\n\t\t\t\t<div class=\"elementor-element elementor-element-a427d19 e-flex e-con-boxed e-con e-parent\" data-id=\"a427d19\" data-element_type=\"container\" data-e-type=\"container\" data-settings=\"{&quot;background_background&quot;:&quot;classic&quot;}\">\n\t\t\t\t\t<div class=\"e-con-inner\">\n\t\t\t\t<div class=\"elementor-element elementor-element-1e34642 elementor-widget elementor-widget-elementskit-video\" data-id=\"1e34642\" data-element_type=\"widget\" data-e-type=\"widget\" data-widget_type=\"elementskit-video.default\">\n\t\t\t\t<div class=\"elementor-widget-container\">\n\t\t\t\t\t<div class=\"ekit-wid-con\" >\t\t<div class=\"video-content\" data-video-player=\"[]\" data-video-setting=\"{&quot;videoVolume&quot;:&quot;horizontal&quot;,&quot;startVolume&quot;:0.8000000000000000444089209850062616169452667236328125,&quot;videoType&quot;:&quot;iframe&quot;,&quot;videoClass&quot;:&quot;mfp-fade&quot;,&quot;videoStyle&quot;:&quot;popup&quot;,&quot;videoTypeName&quot;:&quot;youtube&quot;,&quot;autoplay&quot;:false,&quot;muted&quot;:false,&quot;loop&quot;:true}\">\n\t\t\t\n<a class=\"ekit_icon_button glow-ripple ekit-video-popup ekit-video-popup-btn\" href=\"https:\/\/www.youtube.com\/embed\/h1U68XblReo?playlist=h1U68XblReo&amp;mute=0&amp;autoplay=0&amp;loop=1&amp;controls=0&amp;start=0&amp;end=\" aria-label=\"video-popup\">\n\t\t\t\t<svg aria-hidden=\"true\" class=\"e-font-icon-svg e-fas-play\" viewBox=\"0 0 448 512\" xmlns=\"http:\/\/www.w3.org\/2000\/svg\"><path d=\"M424.4 214.7L72.4 6.6C43.8-10.3 0 6.1 0 47.9V464c0 37.5 40.7 60.1 72.4 41.3l352-208c31.4-18.5 31.5-64.1 0-82.6z\"><\/path><\/svg>\t\t\n\t\t\t<\/a>\n\t\t\t\t\t\t\t<div class=\"ekit-hidden-icons\" hidden aria-hidden=\"true\">\n\t\t\t\t\t<i class=\"ekit-popup-close-icon icon icon-cancel\"><\/i>\t\t\t\t<\/div>\n\t\t<\/div>\n\t\t<\/div>\t\t\t\t<\/div>\n\t\t\t\t<\/div>\n\t\t\t\t\t<\/div>\n\t\t\t\t<\/div>\n\t\t\t\t\t<\/div>\n\t\t<\/div>\n\t\t\t\t<div class=\"elementor-column elementor-col-50 elementor-top-column elementor-element elementor-element-406ad02\" data-id=\"406ad02\" data-element_type=\"column\" data-e-type=\"column\">\n\t\t\t<div class=\"elementor-widget-wrap elementor-element-populated\">\n\t\t\t\t\t\t<div class=\"elementor-element elementor-element-9156f15 elementor-widget elementor-widget-icon-box\" data-id=\"9156f15\" data-element_type=\"widget\" data-e-type=\"widget\" data-widget_type=\"icon-box.default\">\n\t\t\t\t<div class=\"elementor-widget-container\">\n\t\t\t\t\t\t\t<div class=\"elementor-icon-box-wrapper\">\n\n\t\t\t\n\t\t\t\t\t\t<div class=\"elementor-icon-box-content\">\n\n\t\t\t\t\t\t\t\t\t<span class=\"elementor-icon-box-title\">\n\t\t\t\t\t\t<span  >\n\t\t\t\t\t\t\tComo chegar pelo ar\t\t\t\t\t\t<\/span>\n\t\t\t\t\t<\/span>\n\t\t\t\t\n\t\t\t\t\n\t\t\t<\/div>\n\t\t\t\n\t\t<\/div>\n\t\t\t\t\t\t<\/div>\n\t\t\t\t<\/div>\n\t\t\t\t<div class=\"elementor-element elementor-element-5206ab0 elementor-widget elementor-widget-text-editor\" data-id=\"5206ab0\" data-element_type=\"widget\" data-e-type=\"widget\" data-widget_type=\"text-editor.default\">\n\t\t\t\t<div class=\"elementor-widget-container\">\n\t\t\t\t\t\t\t\t\t<p>Sua viagem maravilhosa come\u00e7a no Aeroporto Marechal Rondon, situado no munic\u00edpio de V\u00e1rzea Grande, pr\u00f3ximo da capital do Estado. A bordo de um avi\u00e3o bimotor \u00e9 feito um v\u00f4o panor\u00e2mico de aproximadamente 50 minutos at\u00e9 a pista do hotel.<\/p><p><b>Dados da Pista de Pouso do Hotel<\/b><\/p><p>Denomina\u00e7\u00e3o: <b>Porto Jofre (SJQI)<\/b><br \/>Coordenadas geogr\u00e1ficas:<b> 17\u00b0 21\u2032 46\u2033 S; 056\u00b0 46\u2032 42\u2033 W<\/b><br \/>Dimens\u00f5es da pista: <b>1.200 x 30 metros<\/b><br \/>Natureza do piso: <b>cascalho<\/b><br \/>Designa\u00e7\u00e3o da pista:<b> 01\/19<\/b><br \/>Condi\u00e7\u00f5es operacionais: <b>VFR DIURNO<\/b><\/p>\t\t\t\t\t\t\t\t<\/div>\n\t\t\t\t<\/div>\n\t\t\t\t\t<\/div>\n\t\t<\/div>\n\t\t\t\t\t<\/div>\n\t\t<\/section>\n\t\t\t\t<section class=\"elementor-section elementor-top-section elementor-element elementor-element-975e9e4 elementor-section-boxed elementor-section-height-default elementor-section-height-default\" data-id=\"975e9e4\" data-element_type=\"section\" data-e-type=\"section\">\n\t\t\t\t\t\t\t<div class=\"elementor-background-overlay\"><\/div>\n\t\t\t\t\t\t\t<div class=\"elementor-container elementor-column-gap-no\">\n\t\t\t\t\t<div class=\"elementor-column elementor-col-50 elementor-top-column elementor-element elementor-element-95ed9be\" data-id=\"95ed9be\" data-element_type=\"column\" data-e-type=\"column\">\n\t\t\t<div class=\"elementor-widget-wrap elementor-element-populated\">\n\t\t\t\t\t\t<div class=\"elementor-element elementor-element-9094c36 elementor-widget elementor-widget-icon-box\" data-id=\"9094c36\" data-element_type=\"widget\" data-e-type=\"widget\" data-widget_type=\"icon-box.default\">\n\t\t\t\t<div class=\"elementor-widget-container\">\n\t\t\t\t\t\t\t<div class=\"elementor-icon-box-wrapper\">\n\n\t\t\t\n\t\t\t\t\t\t<div class=\"elementor-icon-box-content\">\n\n\t\t\t\t\t\t\t\t\t<span class=\"elementor-icon-box-title\">\n\t\t\t\t\t\t<span  >\n\t\t\t\t\t\t\tComo chegar por terra\t\t\t\t\t\t<\/span>\n\t\t\t\t\t<\/span>\n\t\t\t\t\n\t\t\t\t\n\t\t\t<\/div>\n\t\t\t\n\t\t<\/div>\n\t\t\t\t\t\t<\/div>\n\t\t\t\t<\/div>\n\t\t\t\t<div class=\"elementor-element elementor-element-c389858 elementor-widget elementor-widget-text-editor\" data-id=\"c389858\" data-element_type=\"widget\" data-e-type=\"widget\" data-widget_type=\"text-editor.default\">\n\t\t\t\t<div class=\"elementor-widget-container\">\n\t\t\t\t\t\t\t\t\t<p>Chegando em Cuiab\u00e1, segue-se viagem pela Rodovia BR-070 (100km de estrada pavimentada) at\u00e9 o munic\u00edpio de Pocon\u00e9. Continuando o trajeto pela Rodovia Transpantaneira (145km de estrada de terra) passando por 120 pontes de madeira e concreto chega-se ao <b>HOTEL PORTO JOFRE PANTANAL NORTE.<\/b><\/p><p>Durante o per\u00edodo da seca nos meses de Julho a Outubro \u00e9 poss\u00edvel observar no decorrer do percurso muitos jacar\u00e9s, capivaras, p\u00e1ssaros de v\u00e1rias esp\u00e9cies, como tuiuius, araras, gar\u00e7as, colhereiros, cardeais, n\u00e3o deixando de mencionar as on\u00e7as, emas, cervos.\u00a0<\/p><p>O total do trajeto \u00e9 de aproximadamente 245 km percorridos em m\u00e9dia por 4 horas na \u00e9poca da seca, nas cheias este tempo pode ser mais prolongado, dependendo das condi\u00e7\u00f5es das estradas.<\/p><p>Rodovia Transpantaneira KM 145<br \/>Pocon\u00e9 &#8211; Mato Grosso &#8211; Brasil<\/p>\t\t\t\t\t\t\t\t<\/div>\n\t\t\t\t<\/div>\n\t\t\t\t\t<\/div>\n\t\t<\/div>\n\t\t\t\t<div class=\"elementor-column elementor-col-50 elementor-top-column elementor-element elementor-element-d4cf600\" data-id=\"d4cf600\" data-element_type=\"column\" data-e-type=\"column\" data-settings=\"{&quot;background_background&quot;:&quot;classic&quot;}\">\n\t\t\t<div class=\"elementor-widget-wrap elementor-element-populated\">\n\t\t\t\t\t\t<div class=\"elementor-element elementor-element-b6fb45e elementor-widget elementor-widget-image\" data-id=\"b6fb45e\" data-element_type=\"widget\" data-e-type=\"widget\" data-widget_type=\"image.default\">\n\t\t\t\t<div class=\"elementor-widget-container\">\n\t\t\t\t\t\t\t\t\t\t\t\t\t\t\t\t<a href=\"https:\/\/www.portojofre.com.br\/site\/wp-content\/uploads\/2024\/06\/Portal-da-Transpantaneira-web-Low.jpg\" data-elementor-open-lightbox=\"yes\" data-e-action-hash=\"#elementor-action%3Aaction%3Dlightbox%26settings%3DeyJpZCI6MTI1NywidXJsIjoiaHR0cHM6XC9cL3d3dy5wb3J0b2pvZnJlLmNvbS5iclwvc2l0ZVwvd3AtY29udGVudFwvdXBsb2Fkc1wvMjAyNFwvMDZcL1BvcnRhbC1kYS1UcmFuc3BhbnRhbmVpcmEtd2ViLUxvdy5qcGcifQ%3D%3D\">\n\t\t\t\t\t\t\t<img fetchpriority=\"high\" decoding=\"async\" width=\"1024\" height=\"642\" src=\"https:\/\/www.portojofre.com.br\/site\/wp-content\/uploads\/2024\/06\/Portal-da-Transpantaneira-web-Low.jpg\" class=\"attachment-full size-full wp-image-1257\" alt=\"\" srcset=\"https:\/\/www.portojofre.com.br\/site\/wp-content\/uploads\/2024\/06\/Portal-da-Transpantaneira-web-Low.jpg 1024w, https:\/\/www.portojofre.com.br\/site\/wp-content\/uploads\/2024\/06\/Portal-da-Transpantaneira-web-Low-300x188.jpg 300w, https:\/\/www.portojofre.com.br\/site\/wp-content\/uploads\/2024\/06\/Portal-da-Transpantaneira-web-Low-768x482.jpg 768w, https:\/\/www.portojofre.com.br\/site\/wp-content\/uploads\/2024\/06\/Portal-da-Transpantaneira-web-Low-600x376.jpg 600w\" sizes=\"(max-width: 1024px) 100vw, 1024px\" \/>\t\t\t\t\t\t\t\t<\/a>\n\t\t\t\t\t\t\t\t\t\t\t\t\t\t\t<\/div>\n\t\t\t\t<\/div>\n\t\t\t\t\t<\/div>\n\t\t<\/div>\n\t\t\t\t\t<\/div>\n\t\t<\/section>\n\t\t\t\t<section class=\"elementor-section elementor-top-section elementor-element elementor-element-698b3be elementor-section-boxed elementor-section-height-default elementor-section-height-default\" data-id=\"698b3be\" data-element_type=\"section\" data-e-type=\"section\">\n\t\t\t\t\t\t\t<div class=\"elementor-background-overlay\"><\/div>\n\t\t\t\t\t\t\t<div class=\"elementor-container elementor-column-gap-no\">\n\t\t\t\t\t<div class=\"elementor-column elementor-col-50 elementor-top-column elementor-element elementor-element-817235a\" data-id=\"817235a\" data-element_type=\"column\" data-e-type=\"column\" data-settings=\"{&quot;background_background&quot;:&quot;classic&quot;}\">\n\t\t\t<div class=\"elementor-widget-wrap elementor-element-populated\">\n\t\t\t\t\t\t<div class=\"elementor-element elementor-element-3291c5b elementor-widget elementor-widget-image\" data-id=\"3291c5b\" data-element_type=\"widget\" data-e-type=\"widget\" data-widget_type=\"image.default\">\n\t\t\t\t<div class=\"elementor-widget-container\">\n\t\t\t\t\t\t\t\t\t\t\t\t\t\t\t\t<a href=\"https:\/\/www.portojofre.com.br\/site\/wp-content\/uploads\/2024\/06\/Alta-23-scaled.jpg\" data-elementor-open-lightbox=\"yes\" data-e-action-hash=\"#elementor-action%3Aaction%3Dlightbox%26settings%3DeyJpZCI6MTIxOCwidXJsIjoiaHR0cHM6XC9cL3d3dy5wb3J0b2pvZnJlLmNvbS5iclwvc2l0ZVwvd3AtY29udGVudFwvdXBsb2Fkc1wvMjAyNFwvMDZcL0FsdGEtMjMtc2NhbGVkLmpwZyJ9\">\n\t\t\t\t\t\t\t<img decoding=\"async\" width=\"2560\" height=\"1706\" src=\"https:\/\/www.portojofre.com.br\/site\/wp-content\/uploads\/2024\/06\/Alta-23-scaled.jpg\" class=\"attachment-full size-full wp-image-1218\" alt=\"\" srcset=\"https:\/\/www.portojofre.com.br\/site\/wp-content\/uploads\/2024\/06\/Alta-23-scaled.jpg 2560w, https:\/\/www.portojofre.com.br\/site\/wp-content\/uploads\/2024\/06\/Alta-23-300x200.jpg 300w, https:\/\/www.portojofre.com.br\/site\/wp-content\/uploads\/2024\/06\/Alta-23-1024x683.jpg 1024w, https:\/\/www.portojofre.com.br\/site\/wp-content\/uploads\/2024\/06\/Alta-23-768x512.jpg 768w, https:\/\/www.portojofre.com.br\/site\/wp-content\/uploads\/2024\/06\/Alta-23-1536x1024.jpg 1536w, https:\/\/www.portojofre.com.br\/site\/wp-content\/uploads\/2024\/06\/Alta-23-2048x1365.jpg 2048w, https:\/\/www.portojofre.com.br\/site\/wp-content\/uploads\/2024\/06\/Alta-23-600x400.jpg 600w\" sizes=\"(max-width: 2560px) 100vw, 2560px\" \/>\t\t\t\t\t\t\t\t<\/a>\n\t\t\t\t\t\t\t\t\t\t\t\t\t\t\t<\/div>\n\t\t\t\t<\/div>\n\t\t\t\t\t<\/div>\n\t\t<\/div>\n\t\t\t\t<div class=\"elementor-column elementor-col-50 elementor-top-column elementor-element elementor-element-b3502a0\" data-id=\"b3502a0\" data-element_type=\"column\" data-e-type=\"column\">\n\t\t\t<div class=\"elementor-widget-wrap elementor-element-populated\">\n\t\t\t\t\t\t<div class=\"elementor-element elementor-element-2d904f4 elementor-widget elementor-widget-icon-box\" data-id=\"2d904f4\" data-element_type=\"widget\" data-e-type=\"widget\" data-widget_type=\"icon-box.default\">\n\t\t\t\t<div class=\"elementor-widget-container\">\n\t\t\t\t\t\t\t<div class=\"elementor-icon-box-wrapper\">\n\n\t\t\t\n\t\t\t\t\t\t<div class=\"elementor-icon-box-content\">\n\n\t\t\t\t\t\t\t\t\t<span class=\"elementor-icon-box-title\">\n\t\t\t\t\t\t<span  >\n\t\t\t\t\t\t\tComo chegar por \u00e1gua\t\t\t\t\t\t<\/span>\n\t\t\t\t\t<\/span>\n\t\t\t\t\n\t\t\t\t\n\t\t\t<\/div>\n\t\t\t\n\t\t<\/div>\n\t\t\t\t\t\t<\/div>\n\t\t\t\t<\/div>\n\t\t\t\t<div class=\"elementor-element elementor-element-7a02353 elementor-widget elementor-widget-text-editor\" data-id=\"7a02353\" data-element_type=\"widget\" data-e-type=\"widget\" data-widget_type=\"text-editor.default\">\n\t\t\t\t<div class=\"elementor-widget-container\">\n\t\t\t\t\t\t\t\t\t<p>O acesso tamb\u00e9m \u00e9 poss\u00edvel, saindo da capital pelo rio Cuiab\u00e1, ou tamb\u00e9m saindo de Pocon\u00e9 em Porto Cercado. O hotel disp\u00f5e de servi\u00e7o de transporte somente aos acessos a\u00e9reo e terrestre.<\/p>\t\t\t\t\t\t\t\t<\/div>\n\t\t\t\t<\/div>\n\t\t\t\t\t<\/div>\n\t\t<\/div>\n\t\t\t\t\t<\/div>\n\t\t<\/section>\n\t\t<div class=\"elementor-element elementor-element-012eb91 e-flex e-con-boxed e-con e-parent\" data-id=\"012eb91\" data-element_type=\"container\" data-e-type=\"container\">\n\t\t\t\t\t<div class=\"e-con-inner\">\n\t\t\t\t<div class=\"elementor-element elementor-element-1d06454 elementor-widget elementor-widget-html\" data-id=\"1d06454\" data-element_type=\"widget\" data-e-type=\"widget\" data-widget_type=\"html.default\">\n\t\t\t\t<div class=\"elementor-widget-container\">\n\t\t\t\t\t<iframe src=\"https:\/\/www.google.com\/maps\/embed?pb=!1m18!1m12!1m3!1d219810.0349352741!2d-56.78762858229065!3d-17.340487768080017!2m3!1f0!2f0!3f0!3m2!1i1024!2i768!4f13.1!3m3!1m2!1s0x939cbec420cfe949%3A0xa1b7f934ef42cfb9!2sH.%20Porto%20Jofre%20%C3%BAnico%20com%20pescaria%20e%20jaguar%20safari%20em%20lanchas%20Maraj%C3%B3%20-%20Tradicional%20Hotel%20do%20Jamil!5e1!3m2!1spt-BR!2sus!4v1718809777083!5m2!1spt-BR!2sus\" width=\"800\" height=\"600\" style=\"border:0;\" allowfullscreen=\"\" loading=\"lazy\" referrerpolicy=\"no-referrer-when-downgrade\"><\/iframe>\t\t\t\t<\/div>\n\t\t\t\t<\/div>\n\t\t\t\t\t<\/div>\n\t\t\t\t<\/div>\n\t\t\t\t<\/div>\n\t\t","protected":false},"excerpt":{"rendered":"<p>Localiza\u00e7\u00e3o Como chegar pelo ar Sua viagem maravilhosa come\u00e7a no Aeroporto Marechal Rondon, situado no munic\u00edpio de V\u00e1rzea Grande, pr\u00f3ximo da capital do Estado. A bordo de um avi\u00e3o bimotor \u00e9 feito um v\u00f4o panor\u00e2mico de aproximadamente 50 minutos at\u00e9 a pista do hotel. Dados da Pista de Pouso do Hotel Denomina\u00e7\u00e3o: Porto Jofre (SJQI)Coordenadas [&hellip;]<\/p>\n","protected":false},"author":1,"featured_media":0,"parent":0,"menu_order":0,"comment_status":"closed","ping_status":"closed","template":"","meta":{"footnotes":""},"class_list":["post-467","page","type-page","status-publish","hentry"],"_links":{"self":[{"href":"https:\/\/www.portojofre.com.br\/site\/wp-json\/wp\/v2\/pages\/467","targetHints":{"allow":["GET"]}}],"collection":[{"href":"https:\/\/www.portojofre.com.br\/site\/wp-json\/wp\/v2\/pages"}],"about":[{"href":"https:\/\/www.portojofre.com.br\/site\/wp-json\/wp\/v2\/types\/page"}],"author":[{"embeddable":true,"href":"https:\/\/www.portojofre.com.br\/site\/wp-json\/wp\/v2\/users\/1"}],"replies":[{"embeddable":true,"href":"https:\/\/www.portojofre.com.br\/site\/wp-json\/wp\/v2\/comments?post=467"}],"version-history":[{"count":58,"href":"https:\/\/www.portojofre.com.br\/site\/wp-json\/wp\/v2\/pages\/467\/revisions"}],"predecessor-version":[{"id":3141,"href":"https:\/\/www.portojofre.com.br\/site\/wp-json\/wp\/v2\/pages\/467\/revisions\/3141"}],"wp:attachment":[{"href":"https:\/\/www.portojofre.com.br\/site\/wp-json\/wp\/v2\/media?parent=467"}],"curies":[{"name":"wp","href":"https:\/\/api.w.org\/{rel}","templated":true}]}}